{"id":30,"date":"2024-08-09T21:07:06","date_gmt":"2024-08-09T21:07:06","guid":{"rendered":"https:\/\/www.elitesys.co\/index\/about\/"},"modified":"2024-08-09T22:28:22","modified_gmt":"2024-08-09T22:28:22","slug":"about","status":"publish","type":"page","link":"https:\/\/www.elitesys.co\/index\/about\/","title":{"rendered":"About"},"content":{"rendered":"\n\n\n\n\n<h1>Acerca de Nosotros<\/h1>\n\n\n\n\n\n\n\n\n\n\n\n\n\n<h2>ELITESYS<\/h2>\n\n\n\n\n\n<p [object NamedNodeMap]>Elitesys es una empresa que nacio en el 2015 especializada en arquitectura de software y desarrollo, dedicada a optimizar procesos para alcanzar la m\u00e1xima eficiencia operativa. Nuestro objetivo es no solo mejorar la competitividad de las empresas, sino tambi\u00e9n generar un impacto positivo en la sociedad a trav\u00e9s de soluciones tecnol\u00f3gicas innovadoras y sostenibles\u00a0<\/p>\n\n\n\n\n\n\n\n<h2>MISION Y VISION<\/h2>\n\n\n\n\n\n\n\n<p>Nuestra misi\u00f3n en <strong>Elitesys<\/strong> es dise\u00f1ar y desarrollar soluciones de software y arquitecturas tecnol\u00f3gicas a medida que optimicen los procesos empresariales, impulsando la eficiencia operativa y la competitividad de nuestros clientes. Nos comprometemos a ofrecer innovaci\u00f3n y calidad en cada proyecto, contribuyendo al desarrollo sostenible y al progreso tecnol\u00f3gico de la sociedad.<\/p>\n\n\n\n\n\n<p>En <strong>Elitesys<\/strong>, aspiramos a ser l\u00edderes reconocidos en la creaci\u00f3n de soluciones tecnol\u00f3gicas avanzadas que transformen la manera en que las empresas operan y crecen. Nos visualizamos como una empresa referente en innovaci\u00f3n y sostenibilidad, impactando positivamente en las industrias a nivel global y contribuyendo al bienestar social a trav\u00e9s de la tecnolog\u00eda.<\/p>\n\n\n\n\n\n\n\n<p>Estas versiones reflejan un enfoque en la eficiencia, la innovaci\u00f3n, la competitividad y el impacto social, alineados con la naturaleza de tu empresa.<\/p>\n\n\n\n\n\n\n\n\n\n\n","protected":false},"excerpt":{"rendered":"","protected":false},"author":0,"featured_media":0,"parent":0,"menu_order":0,"comment_status":"closed","ping_status":"closed","template":"","meta":{"pagelayer_contact_templates":[],"_pagelayer_content":"","footnotes":""},"class_list":["post-30","page","type-page","status-publish","hentry"],"_links":{"self":[{"href":"https:\/\/www.elitesys.co\/index\/wp-json\/wp\/v2\/pages\/30","targetHints":{"allow":["GET"]}}],"collection":[{"href":"https:\/\/www.elitesys.co\/index\/wp-json\/wp\/v2\/pages"}],"about":[{"href":"https:\/\/www.elitesys.co\/index\/wp-json\/wp\/v2\/types\/page"}],"replies":[{"embeddable":true,"href":"https:\/\/www.elitesys.co\/index\/wp-json\/wp\/v2\/comments?post=30"}],"version-history":[{"count":2,"href":"https:\/\/www.elitesys.co\/index\/wp-json\/wp\/v2\/pages\/30\/revisions"}],"predecessor-version":[{"id":66,"href":"https:\/\/www.elitesys.co\/index\/wp-json\/wp\/v2\/pages\/30\/revisions\/66"}],"wp:attachment":[{"href":"https:\/\/www.elitesys.co\/index\/wp-json\/wp\/v2\/media?parent=30"}],"curies":[{"name":"wp","href":"https:\/\/api.w.org\/{rel}","templated":true}]}}